{"id":747,"date":"2020-01-03T15:46:41","date_gmt":"2020-01-04T01:46:41","guid":{"rendered":"http:\/\/www.kkcr.org\/onair\/?page_id=747"},"modified":"2025-07-23T15:01:16","modified_gmt":"2025-07-24T01:01:16","slug":"mission-values","status":"publish","type":"page","link":"https:\/\/www.kkcr.org\/onair\/mission-values\/","title":{"rendered":"MISSION &#038; VALUES"},"content":{"rendered":"<p><\/p>\n<h5 style=\"text-align: center;\"><a href=\"http:\/\/www.kkcr.org\/onair\/mission-values\/\" rel=\"noopener noreferrer\">MISSION &amp; VALUES<\/a>&nbsp; |&nbsp; <a href=\"http:\/\/www.kkcr.org\/onair\/kekahu-foundation\/\" rel=\"noopener noreferrer\">KEKAHU FOUNDATION &amp; BOARD<\/a>&nbsp; | &nbsp;<a href=\"http:\/\/www.kkcr.org\/onair\/about\/staff\/\" rel=\"noopener noreferrer\">STAFF<\/a><br \/>\n&nbsp;<a href=\"http:\/\/www.kkcr.org\/onair\/broadcast-area\/\" rel=\"noopener noreferrer\">BROADCAST AREA<\/a>&nbsp; |&nbsp; <a href=\"http:\/\/www.kkcr.org\/onair\/community-radio\/\" rel=\"noopener noreferrer\">COMMUNITY RADIO<\/a>&nbsp; | &nbsp;<a href=\"http:\/\/www.kkcr.org\/onair\/history\/\" rel=\"noopener noreferrer\">HISTORY<\/a>&nbsp; |&nbsp; <a href=\"http:\/\/www.kkcr.org\/onair\/about\/fcc-irs-cpb\/\" rel=\"noopener noreferrer\">FCC, IRS &amp; CPB<\/a><\/h5>\n<p>&nbsp;<\/p>\n<h2 style=\"text-align: center;\">KEKAHU FOUNDATION \/ KKCR<\/h2>\n<p>KKCR is Kaua\u02bbi&#8217;s independent, non-commercial, listener-supported community radio station.<br \/>\nKKCR seeks to:<\/p>\n<ul>\n<li>Stimulate, educate and entertain our audience<\/li>\n<li>Preserve, perpetuate and celebrate Hawaiian culture<\/li>\n<li>Reflect the diversity of the local and world community<\/li>\n<li>Disseminate factual emergency response and disaster preparedness information<\/li>\n<\/ul>\n<p>KKCR provides a forum for overlooked, suppressed, or under-represented voices and music. The Kekahu Foundation facilitates this broadcasting opportunity.<\/p>\n<h6 style=\"text-align: center;\">Hawaiian translation by Kellen and L\u012bhau Paik<\/h6>\n<p>\u02bbO KKCR ka hui leki\u014d k\u016b\u02bboko\u02bba no Kaua\u02bbi. He hui leki\u014d kai\u0101ulu, e paepae \u02bbia ai e ka lehulehu a e ho\u02bbolele ana me ka ho\u02bbolaha \u02bbole.<\/p>\n<p>N\u0101 pahu hopu a KKCR:<\/p>\n<ul>\n<li>E ho\u02bboulu i ka hoi, e a\u02bbo aku, a e ho\u02bbohau\u02bboli ho\u02bbi i n\u0101 hoa ho\u02bbolohe<\/li>\n<li>E m\u0101lama, e ho\u02bbomau a e ho\u02bbolaule\u02bba p\u016b i n\u0101 mea a me ka nohona Hawai\u02bbi<\/li>\n<li>H\u014d\u02bbike i ka nani \u0101kea o ko k\u0101kou kai\u0101ulu a me ke kai\u0101ulu k\u016bwaho<\/li>\n<\/ul>\n<p>He kahua \u02bbo KKCR no n\u0101 leo a me n\u0101 mele laha loa p\u016b n\u014d me ka laha \u02bbole. \u02bbO ke Kekahu Foundation ka mea e ho\u02bboholo ai ia mau papahana leki\u014d.Consistent with the Kekahu Foundation \/ KKCR Mission, the Kekahu Foundation, through its Board of Directors, and KKCR, through its staff and Community Advisory Board, are guided by the following values:<\/p>\n<p><u>Tolerance and Respect for Individuals, Groups and Cultures<\/u><\/p>\n<ul>\n<li>We respect individual rights, differences, and diversities of opinion.<\/li>\n<li>We practice inclusiveness and open-mindedness.<\/li>\n<li>We are non-partisan.<\/li>\n<li>We treat everyone with dignity and respect, free of discrimination and harassment.<\/li>\n<li>We acknowledge the importance of knowledge to be found in the Hawaiian culture and Kaua\u2018i\u2019s other diverse cultures.<\/li>\n<li>Community Empowerment<\/li>\n<li>The core purpose of the Kekahu Foundation and KKCR is to benefit the community and the public good.<\/li>\n<li>We promote an active, informed citizenry.<\/li>\n<li>We provide a forum for people who are trying to make a difference.<\/li>\n<li>We support organizations that are committed to community-based action.<\/li>\n<\/ul>\n<p><\/p>\n<ul>\n<li><span style=\"font-weight: 400;\">KKCR seeks to operate in a way that reflects the diversity of the island of Kaua\u2019i and the world at large.&nbsp;<\/span><\/li>\n<li><span style=\"font-weight: 400;\">In this we consistently respect the spectrum of diversity including but not limited to: race, sex, age, sexual orientation, disability, religious belief, culture, physicality, gender identity, national origin, marital status, citizenship, education and socio-economic status, as well as other classifications protected by applicable state or local laws.&nbsp;<\/span><\/li>\n<li><span style=\"font-weight: 400;\">It is important and valuable that all people feel safe to express and be heard.&nbsp;<\/span><\/li>\n<li><span style=\"font-weight: 400;\">We actively promote conversations that will provide for awareness and understanding between cultures and identities.&nbsp;<\/span><\/li>\n<li><span style=\"font-weight: 400;\">We seek to be leaders in how we talk to each other cross-culturally and lead with kindness, respect and collaboration, searching for positive solutions to our communication and collective problems.&nbsp;<\/span><\/li>\n<li><span style=\"font-weight: 400;\">This applies to our staff, board, volunteers, and who we partner with.&nbsp;<\/span><\/li>\n<li><span style=\"font-weight: 400;\">The goal of the radio station is to amplify more diverse voices and have more information on the air waves with the express purpose of normalizing diverse lifestyles and to promote multicultural awareness and understanding.<\/span><\/li>\n<\/ul>\n<p><\/p>\n","protected":false},"excerpt":{"rendered":"<p>MISSION &amp; VALUES&nbsp; |&nbsp; KEKAHU FOUNDATION &amp; BOARD&nbsp; | &nbsp;STAFF &nbsp;BROADCAST AREA&nbsp; |&nbsp; COMMUNITY RADIO&nbsp; | &nbsp;HISTORY&nbsp; |&nbsp; FCC, IRS &amp; CPB &nbsp; KEKAHU FOUNDATION \/ KKCR KKCR is Kaua\u02bbi&#8217;s [&hellip;]<\/p>\n","protected":false},"author":1,"featured_media":0,"parent":0,"menu_order":0,"comment_status":"closed","ping_status":"closed","template":"","meta":{"ngg_post_thumbnail":0,"footnotes":""},"class_list":["post-747","page","type-page","status-publish","hentry"],"_links":{"self":[{"href":"https:\/\/www.kkcr.org\/onair\/wp-json\/wp\/v2\/pages\/747","targetHints":{"allow":["GET"]}}],"collection":[{"href":"https:\/\/www.kkcr.org\/onair\/wp-json\/wp\/v2\/pages"}],"about":[{"href":"https:\/\/www.kkcr.org\/onair\/wp-json\/wp\/v2\/types\/page"}],"author":[{"embeddable":true,"href":"https:\/\/www.kkcr.org\/onair\/wp-json\/wp\/v2\/users\/1"}],"replies":[{"embeddable":true,"href":"https:\/\/www.kkcr.org\/onair\/wp-json\/wp\/v2\/comments?post=747"}],"version-history":[{"count":0,"href":"https:\/\/www.kkcr.org\/onair\/wp-json\/wp\/v2\/pages\/747\/revisions"}],"wp:attachment":[{"href":"https:\/\/www.kkcr.org\/onair\/wp-json\/wp\/v2\/media?parent=747"}],"curies":[{"name":"wp","href":"https:\/\/api.w.org\/{rel}","templated":true}]}}