{"id":7564,"date":"2024-07-08T12:37:56","date_gmt":"2024-07-08T22:37:56","guid":{"rendered":"https:\/\/www.kkcr.org\/onair\/?post_type=product&#038;p=7564"},"modified":"2024-07-08T12:58:03","modified_gmt":"2024-07-08T22:58:03","slug":"talk-story-with-natalie-ai-kamauu-2","status":"publish","type":"product","link":"https:\/\/www.kkcr.org\/onair\/product\/talk-story-with-natalie-ai-kamauu-2\/","title":{"rendered":"Talk Story with Natalie Ai Kamauu"},"content":{"rendered":"<p>Natalie Ai Kamauu grew up singing and dancing with her family h\u0101lau, H\u0101lau Hula \u02bbOlana, on the island of O\u02bbahu. In 1990 she was awarded the prestigious title &#8220;Miss Aloha Hula&#8221; at the Merrie Monarch hula Festival, the world&#8217;s preeminent hula competition. In 2005, Natalie began her musical legacy when she established her own independent record label, Keko Records. Her unique vocal style immediately garnered the attention of the international music world.&nbsp;<\/p>\n<p>Natalie Ai Kamauu is a 10-time N\u0101 H\u014dk\u016b Hanohano Award winner and 2-time Grammy Award nominee. Her husabnd Iolani accompanies her on guitar and background vocals. She is introduced by Linda Keale with k\u012b h\u014d\u02bbalu accompaniment by Michael Keale and was interviewed by Manulele Dudoit in the studios of KKCR.&nbsp;<\/p>\n<p>Released March 2024<\/p>\n","protected":false},"excerpt":{"rendered":"<p>Natalie Ai Kamauu grew up singing and dancing with her family h\u0101lau, H\u0101lau Hula \u02bbOlana, on the island of O\u02bbahu. In 1990 she was awarded the prestigious title &#8220;Miss Aloha [&hellip;]<\/p>\n","protected":false},"featured_media":7565,"comment_status":"closed","ping_status":"closed","template":"","meta":{"ngg_post_thumbnail":0},"product_brand":[],"product_cat":[129],"product_tag":[],"class_list":{"0":"post-7564","1":"product","2":"type-product","3":"status-publish","4":"has-post-thumbnail","6":"product_cat-talk-story","8":"first","9":"instock","10":"sale","11":"featured","12":"shipping-taxable","13":"purchasable","14":"product-type-simple"},"_links":{"self":[{"href":"https:\/\/www.kkcr.org\/onair\/wp-json\/wp\/v2\/product\/7564","targetHints":{"allow":["GET"]}}],"collection":[{"href":"https:\/\/www.kkcr.org\/onair\/wp-json\/wp\/v2\/product"}],"about":[{"href":"https:\/\/www.kkcr.org\/onair\/wp-json\/wp\/v2\/types\/product"}],"replies":[{"embeddable":true,"href":"https:\/\/www.kkcr.org\/onair\/wp-json\/wp\/v2\/comments?post=7564"}],"wp:featuredmedia":[{"embeddable":true,"href":"https:\/\/www.kkcr.org\/onair\/wp-json\/wp\/v2\/media\/7565"}],"wp:attachment":[{"href":"https:\/\/www.kkcr.org\/onair\/wp-json\/wp\/v2\/media?parent=7564"}],"wp:term":[{"taxonomy":"product_brand","embeddable":true,"href":"https:\/\/www.kkcr.org\/onair\/wp-json\/wp\/v2\/product_brand?post=7564"},{"taxonomy":"product_cat","embeddable":true,"href":"https:\/\/www.kkcr.org\/onair\/wp-json\/wp\/v2\/product_cat?post=7564"},{"taxonomy":"product_tag","embeddable":true,"href":"https:\/\/www.kkcr.org\/onair\/wp-json\/wp\/v2\/product_tag?post=7564"}],"curies":[{"name":"wp","href":"https:\/\/api.w.org\/{rel}","templated":true}]}}